{"id":3017,"date":"2021-05-08T06:43:22","date_gmt":"2021-05-08T06:43:22","guid":{"rendered":"http:\/\/www.ninawasi.com\/?page_id=3017"},"modified":"2021-06-12T19:46:31","modified_gmt":"2021-06-12T19:46:31","slug":"podcast","status":"publish","type":"page","link":"https:\/\/www.ninawasi.com\/en\/podcast\/","title":{"rendered":"PODCAST"},"content":{"rendered":"<div data-elementor-type=\"wp-page\" data-elementor-id=\"3017\" class=\"elementor elementor-3017\" data-elementor-post-type=\"page\">\n\t\t\t\t\t\t<section class=\"elementor-section elementor-top-section elementor-element elementor-element-b8ce211 elementor-section-height-full elementor-hidden-phone elementor-section-boxed elementor-section-height-default elementor-section-items-middle\" data-id=\"b8ce211\" data-element_type=\"section\" data-settings=\"{&quot;background_background&quot;:&quot;classic&quot;}\">\n\t\t\t\t\t\t<div class=\"elementor-container elementor-column-gap-default\">\n\t\t\t\t\t<div class=\"elementor-column elementor-col-100 elementor-top-column elementor-element elementor-element-7c11ba9\" data-id=\"7c11ba9\" data-element_type=\"column\">\n\t\t\t<div class=\"elementor-widget-wrap\">\n\t\t\t\t\t\t\t<\/div>\n\t\t<\/div>\n\t\t\t\t\t<\/div>\n\t\t<\/section>\n\t\t\t\t<section class=\"elementor-section elementor-top-section elementor-element elementor-element-4d93a65 elementor-section-height-min-height elementor-hidden-desktop elementor-hidden-tablet elementor-section-boxed elementor-section-height-default elementor-section-items-middle\" data-id=\"4d93a65\" data-element_type=\"section\" data-settings=\"{&quot;background_background&quot;:&quot;classic&quot;}\">\n\t\t\t\t\t\t<div class=\"elementor-container elementor-column-gap-default\">\n\t\t\t\t\t<div class=\"elementor-column elementor-col-100 elementor-top-column elementor-element elementor-element-3eefc38\" data-id=\"3eefc38\" data-element_type=\"column\">\n\t\t\t<div class=\"elementor-widget-wrap\">\n\t\t\t\t\t\t\t<\/div>\n\t\t<\/div>\n\t\t\t\t\t<\/div>\n\t\t<\/section>\n\t\t\t\t<section class=\"elementor-section elementor-top-section elementor-element elementor-element-421887f elementor-section-boxed elementor-section-height-default elementor-section-height-default\" data-id=\"421887f\" data-element_type=\"section\">\n\t\t\t\t\t\t<div class=\"elementor-container elementor-column-gap-default\">\n\t\t\t\t\t<div class=\"elementor-column elementor-col-100 elementor-top-column elementor-element elementor-element-0006ecf\" data-id=\"0006ecf\" data-element_type=\"column\">\n\t\t\t<div class=\"elementor-widget-wrap elementor-element-populated\">\n\t\t\t\t\t\t<div class=\"elementor-element elementor-element-393cc2f elementor-widget elementor-widget-heading\" data-id=\"393cc2f\" data-element_type=\"widget\" data-widget_type=\"heading.default\">\n\t\t\t\t<div class=\"elementor-widget-container\">\n\t\t\t<style>\/*! elementor - v3.23.0 - 05-08-2024 *\/\n.elementor-heading-title{padding:0;margin:0;line-height:1}.elementor-widget-heading .elementor-heading-title[class*=elementor-size-]>a{color:inherit;font-size:inherit;line-height:inherit}.elementor-widget-heading .elementor-heading-title.elementor-size-small{font-size:15px}.elementor-widget-heading .elementor-heading-title.elementor-size-medium{font-size:19px}.elementor-widget-heading .elementor-heading-title.elementor-size-large{font-size:29px}.elementor-widget-heading .elementor-heading-title.elementor-size-xl{font-size:39px}.elementor-widget-heading .elementor-heading-title.elementor-size-xxl{font-size:59px}<\/style><h2 class=\"elementor-heading-title elementor-size-default\">PODCAST<\/h2>\t\t<\/div>\n\t\t\t\t<\/div>\n\t\t\t\t<div class=\"elementor-element elementor-element-6a9796b elementor-widget elementor-widget-heading\" data-id=\"6a9796b\" data-element_type=\"widget\" data-widget_type=\"heading.default\">\n\t\t\t\t<div class=\"elementor-widget-container\">\n\t\t\t<h2 class=\"elementor-heading-title elementor-size-default\">\"You are not depressed, you are distracted.\"<\/h2>\t\t<\/div>\n\t\t\t\t<\/div>\n\t\t\t\t<div class=\"elementor-element elementor-element-91e9a1b elementor-widget elementor-widget-text-editor\" data-id=\"91e9a1b\" data-element_type=\"widget\" data-widget_type=\"text-editor.default\">\n\t\t\t\t<div class=\"elementor-widget-container\">\n\t\t\t<style>\/*! elementor - v3.23.0 - 05-08-2024 *\/\n.elementor-widget-text-editor.elementor-drop-cap-view-stacked .elementor-drop-cap{background-color:#69727d;color:#fff}.elementor-widget-text-editor.elementor-drop-cap-view-framed .elementor-drop-cap{color:#69727d;border:3px solid;background-color:transparent}.elementor-widget-text-editor:not(.elementor-drop-cap-view-default) .elementor-drop-cap{margin-top:8px}.elementor-widget-text-editor:not(.elementor-drop-cap-view-default) .elementor-drop-cap-letter{width:1em;height:1em}.elementor-widget-text-editor .elementor-drop-cap{float:left;text-align:center;line-height:1;font-size:50px}.elementor-widget-text-editor .elementor-drop-cap-letter{display:inline-block}<\/style>\t\t\t\t\"You are not depressed, you are distracted.\"\nEach episode, Dr. Flores will provide you with practical tools to increase your awareness. Combining live coaching sessions guiding patients through reconnecting with their true being, solo podcast and interviews. Understanding and releasing with joy and depth the most sordid ailments that affect the human mind in these modern times.\t\t\t\t\t\t<\/div>\n\t\t\t\t<\/div>\n\t\t\t\t<div class=\"elementor-element elementor-element-43bdd68 elementor-widget elementor-widget-html\" data-id=\"43bdd68\" data-element_type=\"widget\" data-widget_type=\"html.default\">\n\t\t\t\t<div class=\"elementor-widget-container\">\n\t\t\t<iframe src=\"https:\/\/anchor.fm\/dr-johnathan-flores\/embed\" height=\"200px\" width=\"400px\" frameborder=\"0\" scrolling=\"no\"><\/iframe>\t\t<\/div>\n\t\t\t\t<\/div>\n\t\t\t\t\t<\/div>\n\t\t<\/div>\n\t\t\t\t\t<\/div>\n\t\t<\/section>\n\t\t\t\t<\/div>","protected":false},"excerpt":{"rendered":"<p>Podcast No est\u00e1s deprimido, est\u00e1s distraido En cada episodio, Dr. Flores te trae herramientas pr\u00e1cticas que ayudar\u00e1n en tu proceso de conciencia. Combinando sesiones en vivo donde gu\u00eda a pacientes a trav\u00e9s a reconectarse con su ser verdadero, as\u00ed como tambi\u00e9n episodios unitarios y entrevistas. Entendiendo y liberando con alegr\u00eda y profundidad las m\u00e1s s\u00f3rdidas [&hellip;]<\/p>","protected":false},"author":1,"featured_media":0,"parent":0,"menu_order":0,"comment_status":"closed","ping_status":"closed","template":"","meta":{"_uag_custom_page_level_css":"","footnotes":""},"class_list":["post-3017","page","type-page","status-publish","hentry"],"uagb_featured_image_src":{"full":false,"thumbnail":false,"medium":false,"medium_large":false,"large":false,"thumblist":false,"meccarouselthumb":false,"gridsquare":false,"tileview":false,"1536x1536":false,"2048x2048":false,"trp-custom-language-flag":false},"uagb_author_info":{"display_name":"admin","author_link":"https:\/\/www.ninawasi.com\/en\/author\/admin\/"},"uagb_comment_info":0,"uagb_excerpt":"Podcast No est\u00e1s deprimido, est\u00e1s distraido En cada episodio, Dr. Flores te trae herramientas pr\u00e1cticas que ayudar\u00e1n en tu proceso de conciencia. Combinando sesiones en vivo donde gu\u00eda a pacientes a trav\u00e9s a reconectarse con su ser verdadero, as\u00ed como tambi\u00e9n episodios unitarios y entrevistas. Entendiendo y liberando con alegr\u00eda y profundidad las m\u00e1s s\u00f3rdidas&hellip;","_links":{"self":[{"href":"https:\/\/www.ninawasi.com\/en\/wp-json\/wp\/v2\/pages\/3017"}],"collection":[{"href":"https:\/\/www.ninawasi.com\/en\/wp-json\/wp\/v2\/pages"}],"about":[{"href":"https:\/\/www.ninawasi.com\/en\/wp-json\/wp\/v2\/types\/page"}],"author":[{"embeddable":true,"href":"https:\/\/www.ninawasi.com\/en\/wp-json\/wp\/v2\/users\/1"}],"replies":[{"embeddable":true,"href":"https:\/\/www.ninawasi.com\/en\/wp-json\/wp\/v2\/comments?post=3017"}],"version-history":[{"count":25,"href":"https:\/\/www.ninawasi.com\/en\/wp-json\/wp\/v2\/pages\/3017\/revisions"}],"predecessor-version":[{"id":4912,"href":"https:\/\/www.ninawasi.com\/en\/wp-json\/wp\/v2\/pages\/3017\/revisions\/4912"}],"wp:attachment":[{"href":"https:\/\/www.ninawasi.com\/en\/wp-json\/wp\/v2\/media?parent=3017"}],"curies":[{"name":"wp","href":"https:\/\/api.w.org\/{rel}","templated":true}]}}